{"id":7,"date":"2025-11-07T11:58:06","date_gmt":"2025-11-07T11:58:06","guid":{"rendered":"https:\/\/womansassociation.org\/?page_id=7"},"modified":"2025-11-12T10:05:26","modified_gmt":"2025-11-12T10:05:26","slug":"o-mnie","status":"publish","type":"page","link":"https:\/\/womansassociation.org\/index.php\/o-mnie\/","title":{"rendered":"O mnie"},"content":{"rendered":"<p data-start=\"265\" data-end=\"509\">Nazywam si\u0119 <strong data-start=\"277\" data-end=\"295\">Adrian Rowicki<\/strong> \u2013 niekt\u00f3rzy m\u00f3wi\u0105 o mnie \u201eosi\u0142ek\u201d, ja wol\u0119 okre\u015blenie <strong data-start=\"350\" data-end=\"369\">\u201eosi\u0142ek pracu\u015b\u201d<\/strong>. Od wielu lat zajmuj\u0119 si\u0119 <strong data-start=\"396\" data-end=\"426\">dzia\u0142alno\u015bci\u0105 informacyjn\u0105<\/strong> \u2013 zbieram fakty, analizuj\u0119 je i przekazuj\u0119 dalej w spos\u00f3b rzetelny i przyst\u0119pny.<\/p>\n<p data-start=\"511\" data-end=\"806\">Moja przygoda z informacj\u0105 zacz\u0119\u0142a si\u0119 dawno temu, od fascynacji historiami, kt\u00f3re zawsze ko\u0144czy\u0142y si\u0119 s\u0142owami: <em data-start=\"623\" data-end=\"657\">\u201e&#8230;i \u017cyli d\u0142ugo i szcz\u0119\u015bliwie.\u201d<\/em> Z czasem odkry\u0142em, \u017ce prawdziwe \u017cycie rzadko bywa tak proste \u2013 dlatego postanowi\u0142em docieka\u0107 prawdy i przekazywa\u0107 j\u0105 w spos\u00f3b mo\u017cliwie obiektywny.<\/p>\n<p data-start=\"808\" data-end=\"1039\">Na stronie odpowiadam za <strong data-start=\"833\" data-end=\"865\">sprawdzone i rzeczowe tre\u015bci<\/strong> \u2013 cz\u0119sto dotycz\u0105ce temat\u00f3w, kt\u00f3re dla wi\u0119kszo\u015bci wydaj\u0105 si\u0119 nieistotne lub zbyt ma\u0142o znane. Dla mnie jednak to w\u0142a\u015bnie te drobiazgi buduj\u0105 pe\u0142niejszy obraz rzeczywisto\u015bci.<\/p>\n<p data-start=\"1041\" data-end=\"1394\">Z wykszta\u0142cenia jestem <strong data-start=\"1064\" data-end=\"1101\">z\u0142ot\u0105 r\u0105czk\u0105 do zada\u0144 specjalnych<\/strong>, a zawodowo \u2013 cz\u0142owiekiem, kt\u00f3ry potrafi dopasowa\u0107 si\u0119 do ka\u017cdej sytuacji. Moje do\u015bwiadczenie w zbieraniu informacji opiera si\u0119 wy\u0142\u0105cznie na prawdzie \u2013 <strong data-start=\"1254\" data-end=\"1283\">nie handluj\u0119 informacjami<\/strong>, nie tworz\u0119 sensacji. Po prostu <strong data-start=\"1316\" data-end=\"1356\">wyci\u0105gam k\u0142amstwa na \u015bwiat\u0142o dzienne<\/strong> i pokazuj\u0119 fakty takimi, jakimi s\u0105.<\/p>\n<p data-start=\"1396\" data-end=\"1664\">Prywatnie interesuj\u0119 si\u0119 wieloma dziedzinami \u2013 od ludzi po technik\u0119, od codzienno\u015bci po sprawy wi\u0119kszego kalibru. Wierz\u0119, \u017ce nawet bez rozg\u0142osu i wynagrodzenia, moja praca ma znaczenie. Bo w \u015bwiecie, w kt\u00f3rym s\u0142owo traci warto\u015b\u0107, <strong data-start=\"1626\" data-end=\"1661\">prawda zawsze powinna zwyci\u0119\u017ca\u0107<\/strong>.<\/p>\n","protected":false},"excerpt":{"rendered":"<p>Nazywam si\u0119 Adrian Rowicki \u2013 niekt\u00f3rzy m\u00f3wi\u0105 o mnie \u201eosi\u0142ek\u201d, ja wol\u0119 okre\u015blenie \u201eosi\u0142ek pracu\u015b\u201d. Od wielu lat zajmuj\u0119 si\u0119 dzia\u0142alno\u015bci\u0105 informacyjn\u0105 \u2013 zbieram fakty, analizuj\u0119 je i przekazuj\u0119 dalej w spos\u00f3b rzetelny i przyst\u0119pny. Moja przygoda z informacj\u0105 zacz\u0119\u0142a si\u0119 dawno temu, od fascynacji historiami, kt\u00f3re zawsze ko\u0144czy\u0142y si\u0119 s\u0142owami: \u201e&#8230;i \u017cyli d\u0142ugo i &#8230; <a title=\"O mnie\" class=\"read-more\" href=\"https:\/\/womansassociation.org\/index.php\/o-mnie\/\" aria-label=\"Read more about O mnie\">Read more<\/a><\/p>\n","protected":false},"author":1,"featured_media":0,"parent":0,"menu_order":0,"comment_status":"closed","ping_status":"closed","template":"","meta":{"footnotes":""},"class_list":["post-7","page","type-page","status-publish"],"_links":{"self":[{"href":"https:\/\/womansassociation.org\/index.php\/wp-json\/wp\/v2\/pages\/7","targetHints":{"allow":["GET"]}}],"collection":[{"href":"https:\/\/womansassociation.org\/index.php\/wp-json\/wp\/v2\/pages"}],"about":[{"href":"https:\/\/womansassociation.org\/index.php\/wp-json\/wp\/v2\/types\/page"}],"author":[{"embeddable":true,"href":"https:\/\/womansassociation.org\/index.php\/wp-json\/wp\/v2\/users\/1"}],"replies":[{"embeddable":true,"href":"https:\/\/womansassociation.org\/index.php\/wp-json\/wp\/v2\/comments?post=7"}],"version-history":[{"count":2,"href":"https:\/\/womansassociation.org\/index.php\/wp-json\/wp\/v2\/pages\/7\/revisions"}],"predecessor-version":[{"id":100,"href":"https:\/\/womansassociation.org\/index.php\/wp-json\/wp\/v2\/pages\/7\/revisions\/100"}],"wp:attachment":[{"href":"https:\/\/womansassociation.org\/index.php\/wp-json\/wp\/v2\/media?parent=7"}],"curies":[{"name":"wp","href":"https:\/\/api.w.org\/{rel}","templated":true}]}}